{"id":13399,"date":"2023-10-18T12:56:04","date_gmt":"2023-10-18T10:56:04","guid":{"rendered":"https:\/\/www.badie.com\/nos-masterclass\/"},"modified":"2024-06-18T11:39:37","modified_gmt":"2024-06-18T09:39:37","slug":"our-masterclass","status":"publish","type":"page","link":"https:\/\/www.badie.com\/en\/our-masterclass\/","title":{"rendered":"Our masterclass"},"content":{"rendered":"<p>Throughout the year, Badie offers a series of private tastings on different themes: discovering the wines of Burgundy, getting a taste of Corsica or Champagne, introduction to the world of spirits, etc. During each masterclass, our sommelier-sales advisors invite you to share their knowledge and passion with the help of a dozen carefully chosen labels.<\/p>\n<p style=\"text-align: center\"><span style=\"color: #b96d40\">Each masterclass is accompanied by a food and wine pairing<\/span><br \/>\n<span style=\"color: #b96d40\">and is held at the Badie wine shop from 8 to 10 pm.<\/span><\/p>\n<p style=\"text-align: center\"><small><em>Click below to sign up.<br \/>\n<\/em><\/small><small><em>Please note that the number of participants is limited.<\/em><br \/>\n<em>Your participation is confirmed after you receive an email from one of our team members.<br \/>\n<\/em><\/small><small><em>Payment will be made via a secure link, before the tasting.<br \/>\nNo refunds or exchanges will be made for last-minute cancellations.<br \/>\n<\/em><\/small><\/p>\n","protected":false},"excerpt":{"rendered":"Throughout the year, Badie offers a series of private tastings on different themes: discovering the wines of Burgundy, getting a taste of Corsica or Champagne, introduction to the world of spirits, etc. During each masterclass, our sommelier-sales advisors invite you to share their knowledge and passion with the help of a dozen carefully chosen labels. [&hellip;]","protected":false},"author":1,"featured_media":0,"parent":0,"menu_order":0,"comment_status":"closed","ping_status":"closed","template":"tpl-evenements.php","meta":{"_acf_changed":false,"inline_featured_image":false,"footnotes":""},"class_list":["post-13399","page","type-page","status-publish","hentry"],"acf":[],"yoast_head":"<!-- This site is optimized with the Yoast SEO plugin v27.4 - https:\/\/yoast.com\/product\/yoast-seo-wordpress\/ -->\n<title>Our masterclass &#8226; Badie, Maison fond\u00e9e en 1880 &#8226; Le meilleur des vins fran\u00e7ais et internationaux, des champagnes de grandes maisons...<\/title>\n<meta name=\"description\" content=\"Badie vous propose des d\u00e9gustations privatives tout au long de l\u2019ann\u00e9e, d\u00e9clin\u00e9es autour de diff\u00e9rents th\u00e8mes : d\u00e9couverte des vins de Bourgogne, \u00e9chapp\u00e9es gustatives en Corse ou en Champagne, initiation au monde des spiritueux, etc.\" \/>\n<meta name=\"robots\" content=\"index, follow, max-snippet:-1, max-image-preview:large, max-video-preview:-1\" \/>\n<link rel=\"canonical\" href=\"https:\/\/www.badie.com\/en\/our-masterclass\/\" \/>\n<meta property=\"og:locale\" content=\"en_US\" \/>\n<meta property=\"og:type\" content=\"article\" \/>\n<meta property=\"og:title\" content=\"Our masterclass &#8226; Badie, Maison fond\u00e9e en 1880 &#8226; Le meilleur des vins fran\u00e7ais et internationaux, des champagnes de grandes maisons...\" \/>\n<meta property=\"og:description\" content=\"Badie vous propose des d\u00e9gustations privatives tout au long de l\u2019ann\u00e9e, d\u00e9clin\u00e9es autour de diff\u00e9rents th\u00e8mes : d\u00e9couverte des vins de Bourgogne, \u00e9chapp\u00e9es gustatives en Corse ou en Champagne, initiation au monde des spiritueux, etc.\" \/>\n<meta property=\"og:url\" content=\"https:\/\/www.badie.com\/en\/our-masterclass\/\" \/>\n<meta property=\"og:site_name\" content=\"Badie, Maison fond\u00e9e en 1880\" \/>\n<meta property=\"article:modified_time\" content=\"2024-06-18T09:39:37+00:00\" \/>\n<meta property=\"og:image\" content=\"https:\/\/www.badie.com\/wp-content\/uploads\/2023\/10\/00436Benjamin_Deroche_pour_Duclot-scaled.jpg\" \/>\n\t<meta property=\"og:image:width\" content=\"2560\" \/>\n\t<meta property=\"og:image:height\" content=\"1422\" \/>\n\t<meta property=\"og:image:type\" content=\"image\/jpeg\" \/>\n<meta name=\"twitter:card\" content=\"summary_large_image\" \/>\n<meta name=\"twitter:label1\" content=\"Est. reading time\" \/>\n\t<meta name=\"twitter:data1\" content=\"1 minute\" \/>\n<script type=\"application\/ld+json\" class=\"yoast-schema-graph\">{\"@context\":\"https:\\\/\\\/schema.org\",\"@graph\":[{\"@type\":\"WebPage\",\"@id\":\"https:\\\/\\\/www.badie.com\\\/en\\\/our-masterclass\\\/\",\"url\":\"https:\\\/\\\/www.badie.com\\\/en\\\/our-masterclass\\\/\",\"name\":\"Our masterclass &#8226; Badie, Maison fond\u00e9e en 1880 &#8226; Le meilleur des vins fran\u00e7ais et internationaux, des champagnes de grandes maisons...\",\"isPartOf\":{\"@id\":\"https:\\\/\\\/www.badie.com\\\/#website\"},\"datePublished\":\"2023-10-18T10:56:04+00:00\",\"dateModified\":\"2024-06-18T09:39:37+00:00\",\"description\":\"Badie vous propose des d\u00e9gustations privatives tout au long de l\u2019ann\u00e9e, d\u00e9clin\u00e9es autour de diff\u00e9rents th\u00e8mes : d\u00e9couverte des vins de Bourgogne, \u00e9chapp\u00e9es gustatives en Corse ou en Champagne, initiation au monde des spiritueux, etc.\",\"breadcrumb\":{\"@id\":\"https:\\\/\\\/www.badie.com\\\/en\\\/our-masterclass\\\/#breadcrumb\"},\"inLanguage\":\"en-US\",\"potentialAction\":[{\"@type\":\"ReadAction\",\"target\":[\"https:\\\/\\\/www.badie.com\\\/en\\\/our-masterclass\\\/\"]}]},{\"@type\":\"BreadcrumbList\",\"@id\":\"https:\\\/\\\/www.badie.com\\\/en\\\/our-masterclass\\\/#breadcrumb\",\"itemListElement\":[{\"@type\":\"ListItem\",\"position\":1,\"name\":\"Accueil\",\"item\":\"https:\\\/\\\/www.badie.com\\\/en\\\/\"},{\"@type\":\"ListItem\",\"position\":2,\"name\":\"Our masterclass\"}]},{\"@type\":\"WebSite\",\"@id\":\"https:\\\/\\\/www.badie.com\\\/#website\",\"url\":\"https:\\\/\\\/www.badie.com\\\/\",\"name\":\"Badie, Maison fond\u00e9e en 1880\",\"description\":\"Le meilleur des vins fran\u00e7ais et internationaux, des champagnes de grandes maisons...\",\"publisher\":{\"@id\":\"https:\\\/\\\/www.badie.com\\\/#organization\"},\"potentialAction\":[{\"@type\":\"SearchAction\",\"target\":{\"@type\":\"EntryPoint\",\"urlTemplate\":\"https:\\\/\\\/www.badie.com\\\/?s={search_term_string}\"},\"query-input\":{\"@type\":\"PropertyValueSpecification\",\"valueRequired\":true,\"valueName\":\"search_term_string\"}}],\"inLanguage\":\"en-US\"},{\"@type\":\"Organization\",\"@id\":\"https:\\\/\\\/www.badie.com\\\/#organization\",\"name\":\"Badie, Maison fond\u00e9e en 1880\",\"url\":\"https:\\\/\\\/www.badie.com\\\/\",\"logo\":{\"@type\":\"ImageObject\",\"inLanguage\":\"en-US\",\"@id\":\"https:\\\/\\\/www.badie.com\\\/#\\\/schema\\\/logo\\\/image\\\/\",\"url\":\"https:\\\/\\\/www.badie.com\\\/wp-content\\\/uploads\\\/2023\\\/11\\\/badie_old.svg\",\"contentUrl\":\"https:\\\/\\\/www.badie.com\\\/wp-content\\\/uploads\\\/2023\\\/11\\\/badie_old.svg\",\"width\":154,\"height\":58,\"caption\":\"Badie, Maison fond\u00e9e en 1880\"},\"image\":{\"@id\":\"https:\\\/\\\/www.badie.com\\\/#\\\/schema\\\/logo\\\/image\\\/\"}}]}<\/script>\n<!-- \/ Yoast SEO plugin. -->","yoast_head_json":{"title":"Our masterclass &#8226; Badie, Maison fond\u00e9e en 1880 &#8226; Le meilleur des vins fran\u00e7ais et internationaux, des champagnes de grandes maisons...","description":"Badie vous propose des d\u00e9gustations privatives tout au long de l\u2019ann\u00e9e, d\u00e9clin\u00e9es autour de diff\u00e9rents th\u00e8mes : d\u00e9couverte des vins de Bourgogne, \u00e9chapp\u00e9es gustatives en Corse ou en Champagne, initiation au monde des spiritueux, etc.","robots":{"index":"index","follow":"follow","max-snippet":"max-snippet:-1","max-image-preview":"max-image-preview:large","max-video-preview":"max-video-preview:-1"},"canonical":"https:\/\/www.badie.com\/en\/our-masterclass\/","og_locale":"en_US","og_type":"article","og_title":"Our masterclass &#8226; Badie, Maison fond\u00e9e en 1880 &#8226; Le meilleur des vins fran\u00e7ais et internationaux, des champagnes de grandes maisons...","og_description":"Badie vous propose des d\u00e9gustations privatives tout au long de l\u2019ann\u00e9e, d\u00e9clin\u00e9es autour de diff\u00e9rents th\u00e8mes : d\u00e9couverte des vins de Bourgogne, \u00e9chapp\u00e9es gustatives en Corse ou en Champagne, initiation au monde des spiritueux, etc.","og_url":"https:\/\/www.badie.com\/en\/our-masterclass\/","og_site_name":"Badie, Maison fond\u00e9e en 1880","article_modified_time":"2024-06-18T09:39:37+00:00","og_image":[{"width":2560,"height":1422,"url":"https:\/\/www.badie.com\/wp-content\/uploads\/2023\/10\/00436Benjamin_Deroche_pour_Duclot-scaled.jpg","type":"image\/jpeg"}],"twitter_card":"summary_large_image","twitter_misc":{"Est. reading time":"1 minute"},"schema":{"@context":"https:\/\/schema.org","@graph":[{"@type":"WebPage","@id":"https:\/\/www.badie.com\/en\/our-masterclass\/","url":"https:\/\/www.badie.com\/en\/our-masterclass\/","name":"Our masterclass &#8226; Badie, Maison fond\u00e9e en 1880 &#8226; Le meilleur des vins fran\u00e7ais et internationaux, des champagnes de grandes maisons...","isPartOf":{"@id":"https:\/\/www.badie.com\/#website"},"datePublished":"2023-10-18T10:56:04+00:00","dateModified":"2024-06-18T09:39:37+00:00","description":"Badie vous propose des d\u00e9gustations privatives tout au long de l\u2019ann\u00e9e, d\u00e9clin\u00e9es autour de diff\u00e9rents th\u00e8mes : d\u00e9couverte des vins de Bourgogne, \u00e9chapp\u00e9es gustatives en Corse ou en Champagne, initiation au monde des spiritueux, etc.","breadcrumb":{"@id":"https:\/\/www.badie.com\/en\/our-masterclass\/#breadcrumb"},"inLanguage":"en-US","potentialAction":[{"@type":"ReadAction","target":["https:\/\/www.badie.com\/en\/our-masterclass\/"]}]},{"@type":"BreadcrumbList","@id":"https:\/\/www.badie.com\/en\/our-masterclass\/#breadcrumb","itemListElement":[{"@type":"ListItem","position":1,"name":"Accueil","item":"https:\/\/www.badie.com\/en\/"},{"@type":"ListItem","position":2,"name":"Our masterclass"}]},{"@type":"WebSite","@id":"https:\/\/www.badie.com\/#website","url":"https:\/\/www.badie.com\/","name":"Badie, Maison fond\u00e9e en 1880","description":"Le meilleur des vins fran\u00e7ais et internationaux, des champagnes de grandes maisons...","publisher":{"@id":"https:\/\/www.badie.com\/#organization"},"potentialAction":[{"@type":"SearchAction","target":{"@type":"EntryPoint","urlTemplate":"https:\/\/www.badie.com\/?s={search_term_string}"},"query-input":{"@type":"PropertyValueSpecification","valueRequired":true,"valueName":"search_term_string"}}],"inLanguage":"en-US"},{"@type":"Organization","@id":"https:\/\/www.badie.com\/#organization","name":"Badie, Maison fond\u00e9e en 1880","url":"https:\/\/www.badie.com\/","logo":{"@type":"ImageObject","inLanguage":"en-US","@id":"https:\/\/www.badie.com\/#\/schema\/logo\/image\/","url":"https:\/\/www.badie.com\/wp-content\/uploads\/2023\/11\/badie_old.svg","contentUrl":"https:\/\/www.badie.com\/wp-content\/uploads\/2023\/11\/badie_old.svg","width":154,"height":58,"caption":"Badie, Maison fond\u00e9e en 1880"},"image":{"@id":"https:\/\/www.badie.com\/#\/schema\/logo\/image\/"}}]}},"_links":{"self":[{"href":"https:\/\/www.badie.com\/en\/wp-json\/wp\/v2\/pages\/13399","targetHints":{"allow":["GET"]}}],"collection":[{"href":"https:\/\/www.badie.com\/en\/wp-json\/wp\/v2\/pages"}],"about":[{"href":"https:\/\/www.badie.com\/en\/wp-json\/wp\/v2\/types\/page"}],"author":[{"embeddable":true,"href":"https:\/\/www.badie.com\/en\/wp-json\/wp\/v2\/users\/1"}],"replies":[{"embeddable":true,"href":"https:\/\/www.badie.com\/en\/wp-json\/wp\/v2\/comments?post=13399"}],"version-history":[{"count":5,"href":"https:\/\/www.badie.com\/en\/wp-json\/wp\/v2\/pages\/13399\/revisions"}],"predecessor-version":[{"id":13672,"href":"https:\/\/www.badie.com\/en\/wp-json\/wp\/v2\/pages\/13399\/revisions\/13672"}],"wp:attachment":[{"href":"https:\/\/www.badie.com\/en\/wp-json\/wp\/v2\/media?parent=13399"}],"curies":[{"name":"wp","href":"https:\/\/api.w.org\/{rel}","templated":true}]}}