{"id":13353,"date":"2023-10-18T12:55:29","date_gmt":"2023-10-18T10:55:29","guid":{"rendered":"https:\/\/www.badie.com\/boutiques\/"},"modified":"2025-01-10T15:37:20","modified_gmt":"2025-01-10T14:37:20","slug":"boutiques","status":"publish","type":"page","link":"https:\/\/www.badie.com\/en\/","title":{"rendered":"Boutiques"},"content":{"rendered":"","protected":false},"excerpt":{"rendered":"","protected":false},"author":1,"featured_media":0,"parent":0,"menu_order":0,"comment_status":"closed","ping_status":"closed","template":"tpl-intro.php","meta":{"_acf_changed":false,"inline_featured_image":false,"footnotes":""},"class_list":["post-13353","page","type-page","status-publish","hentry"],"acf":[],"yoast_head":"<!-- This site is optimized with the Yoast SEO plugin v27.5 - https:\/\/yoast.com\/product\/yoast-seo-wordpress\/ -->\n<title>Boutiques Badie et L\u2019Intendant Bordeaux &#8226; Le meilleur des vins fran\u00e7ais et internationaux, des champagnes de grandes maisons...<\/title>\n<meta name=\"description\" content=\"Badie, Maison fond\u00e9e en 1880 par Madame Badie et install\u00e9e aujourd\u2019hui encore dans un superbe immeuble du XVIIIe si\u00e8cle dans le centre historique de Bordeaux. L\u2019Intendant est situ\u00e9 dans le fameux \u00ab triangle d\u2019or de Bordeaux \u00bb, le c\u0153ur historique de la ville, derri\u00e8re la fa\u00e7ade d\u2019un petit h\u00f4tel particulier du XVIIe si\u00e8cle.\" \/>\n<meta name=\"robots\" content=\"index, follow, max-snippet:-1, max-image-preview:large, max-video-preview:-1\" \/>\n<link rel=\"canonical\" href=\"https:\/\/www.badie.com\/en\/\" \/>\n<meta property=\"og:locale\" content=\"en_US\" \/>\n<meta property=\"og:type\" content=\"article\" \/>\n<meta property=\"og:title\" content=\"Boutiques Badie et L\u2019Intendant Bordeaux &#8226; Le meilleur des vins fran\u00e7ais et internationaux, des champagnes de grandes maisons...\" \/>\n<meta property=\"og:description\" content=\"Badie, Maison fond\u00e9e en 1880 par Madame Badie et install\u00e9e aujourd\u2019hui encore dans un superbe immeuble du XVIIIe si\u00e8cle dans le centre historique de Bordeaux. L\u2019Intendant est situ\u00e9 dans le fameux \u00ab triangle d\u2019or de Bordeaux \u00bb, le c\u0153ur historique de la ville, derri\u00e8re la fa\u00e7ade d\u2019un petit h\u00f4tel particulier du XVIIe si\u00e8cle.\" \/>\n<meta property=\"og:url\" content=\"https:\/\/www.badie.com\/en\/\" \/>\n<meta property=\"og:site_name\" content=\"Badie, Maison fond\u00e9e en 1880\" \/>\n<meta property=\"article:modified_time\" content=\"2025-01-10T14:37:20+00:00\" \/>\n<meta property=\"og:image\" content=\"https:\/\/www.badie.com\/wp-content\/uploads\/2023\/10\/00436Benjamin_Deroche_pour_Duclot-scaled.jpg\" \/>\n\t<meta property=\"og:image:width\" content=\"2560\" \/>\n\t<meta property=\"og:image:height\" content=\"1422\" \/>\n\t<meta property=\"og:image:type\" content=\"image\/jpeg\" \/>\n<meta name=\"twitter:card\" content=\"summary_large_image\" \/>\n<meta name=\"twitter:label1\" content=\"Est. reading time\" \/>\n\t<meta name=\"twitter:data1\" content=\"1 minute\" \/>\n<script type=\"application\/ld+json\" class=\"yoast-schema-graph\">{\"@context\":\"https:\\\/\\\/schema.org\",\"@graph\":[{\"@type\":\"WebPage\",\"@id\":\"https:\\\/\\\/www.badie.com\\\/en\\\/\",\"url\":\"https:\\\/\\\/www.badie.com\\\/en\\\/\",\"name\":\"Boutiques Badie et L\u2019Intendant Bordeaux &#8226; Le meilleur des vins fran\u00e7ais et internationaux, des champagnes de grandes maisons...\",\"isPartOf\":{\"@id\":\"https:\\\/\\\/www.badie.com\\\/#website\"},\"datePublished\":\"2023-10-18T10:55:29+00:00\",\"dateModified\":\"2025-01-10T14:37:20+00:00\",\"description\":\"Badie, Maison fond\u00e9e en 1880 par Madame Badie et install\u00e9e aujourd\u2019hui encore dans un superbe immeuble du XVIIIe si\u00e8cle dans le centre historique de Bordeaux. L\u2019Intendant est situ\u00e9 dans le fameux \u00ab triangle d\u2019or de Bordeaux \u00bb, le c\u0153ur historique de la ville, derri\u00e8re la fa\u00e7ade d\u2019un petit h\u00f4tel particulier du XVIIe si\u00e8cle.\",\"breadcrumb\":{\"@id\":\"https:\\\/\\\/www.badie.com\\\/en\\\/#breadcrumb\"},\"inLanguage\":\"en-US\",\"potentialAction\":[{\"@type\":\"ReadAction\",\"target\":[\"https:\\\/\\\/www.badie.com\\\/en\\\/\"]}]},{\"@type\":\"BreadcrumbList\",\"@id\":\"https:\\\/\\\/www.badie.com\\\/en\\\/#breadcrumb\",\"itemListElement\":[{\"@type\":\"ListItem\",\"position\":1,\"name\":\"Accueil\",\"item\":\"https:\\\/\\\/www.badie.com\\\/en\\\/\"},{\"@type\":\"ListItem\",\"position\":2,\"name\":\"Boutiques\"}]},{\"@type\":\"WebSite\",\"@id\":\"https:\\\/\\\/www.badie.com\\\/#website\",\"url\":\"https:\\\/\\\/www.badie.com\\\/\",\"name\":\"Badie, Maison fond\u00e9e en 1880\",\"description\":\"Le meilleur des vins fran\u00e7ais et internationaux, des champagnes de grandes maisons...\",\"publisher\":{\"@id\":\"https:\\\/\\\/www.badie.com\\\/#organization\"},\"potentialAction\":[{\"@type\":\"SearchAction\",\"target\":{\"@type\":\"EntryPoint\",\"urlTemplate\":\"https:\\\/\\\/www.badie.com\\\/?s={search_term_string}\"},\"query-input\":{\"@type\":\"PropertyValueSpecification\",\"valueRequired\":true,\"valueName\":\"search_term_string\"}}],\"inLanguage\":\"en-US\"},{\"@type\":\"Organization\",\"@id\":\"https:\\\/\\\/www.badie.com\\\/#organization\",\"name\":\"Badie, Maison fond\u00e9e en 1880\",\"url\":\"https:\\\/\\\/www.badie.com\\\/\",\"logo\":{\"@type\":\"ImageObject\",\"inLanguage\":\"en-US\",\"@id\":\"https:\\\/\\\/www.badie.com\\\/#\\\/schema\\\/logo\\\/image\\\/\",\"url\":\"https:\\\/\\\/www.badie.com\\\/wp-content\\\/uploads\\\/2023\\\/11\\\/badie_old.svg\",\"contentUrl\":\"https:\\\/\\\/www.badie.com\\\/wp-content\\\/uploads\\\/2023\\\/11\\\/badie_old.svg\",\"width\":154,\"height\":58,\"caption\":\"Badie, Maison fond\u00e9e en 1880\"},\"image\":{\"@id\":\"https:\\\/\\\/www.badie.com\\\/#\\\/schema\\\/logo\\\/image\\\/\"}}]}<\/script>\n<!-- \/ Yoast SEO plugin. -->","yoast_head_json":{"title":"Boutiques Badie et L\u2019Intendant Bordeaux &#8226; Le meilleur des vins fran\u00e7ais et internationaux, des champagnes de grandes maisons...","description":"Badie, Maison fond\u00e9e en 1880 par Madame Badie et install\u00e9e aujourd\u2019hui encore dans un superbe immeuble du XVIIIe si\u00e8cle dans le centre historique de Bordeaux. L\u2019Intendant est situ\u00e9 dans le fameux \u00ab triangle d\u2019or de Bordeaux \u00bb, le c\u0153ur historique de la ville, derri\u00e8re la fa\u00e7ade d\u2019un petit h\u00f4tel particulier du XVIIe si\u00e8cle.","robots":{"index":"index","follow":"follow","max-snippet":"max-snippet:-1","max-image-preview":"max-image-preview:large","max-video-preview":"max-video-preview:-1"},"canonical":"https:\/\/www.badie.com\/en\/","og_locale":"en_US","og_type":"article","og_title":"Boutiques Badie et L\u2019Intendant Bordeaux &#8226; Le meilleur des vins fran\u00e7ais et internationaux, des champagnes de grandes maisons...","og_description":"Badie, Maison fond\u00e9e en 1880 par Madame Badie et install\u00e9e aujourd\u2019hui encore dans un superbe immeuble du XVIIIe si\u00e8cle dans le centre historique de Bordeaux. L\u2019Intendant est situ\u00e9 dans le fameux \u00ab triangle d\u2019or de Bordeaux \u00bb, le c\u0153ur historique de la ville, derri\u00e8re la fa\u00e7ade d\u2019un petit h\u00f4tel particulier du XVIIe si\u00e8cle.","og_url":"https:\/\/www.badie.com\/en\/","og_site_name":"Badie, Maison fond\u00e9e en 1880","article_modified_time":"2025-01-10T14:37:20+00:00","og_image":[{"width":2560,"height":1422,"url":"https:\/\/www.badie.com\/wp-content\/uploads\/2023\/10\/00436Benjamin_Deroche_pour_Duclot-scaled.jpg","type":"image\/jpeg"}],"twitter_card":"summary_large_image","twitter_misc":{"Est. reading time":"1 minute"},"schema":{"@context":"https:\/\/schema.org","@graph":[{"@type":"WebPage","@id":"https:\/\/www.badie.com\/en\/","url":"https:\/\/www.badie.com\/en\/","name":"Boutiques Badie et L\u2019Intendant Bordeaux &#8226; Le meilleur des vins fran\u00e7ais et internationaux, des champagnes de grandes maisons...","isPartOf":{"@id":"https:\/\/www.badie.com\/#website"},"datePublished":"2023-10-18T10:55:29+00:00","dateModified":"2025-01-10T14:37:20+00:00","description":"Badie, Maison fond\u00e9e en 1880 par Madame Badie et install\u00e9e aujourd\u2019hui encore dans un superbe immeuble du XVIIIe si\u00e8cle dans le centre historique de Bordeaux. L\u2019Intendant est situ\u00e9 dans le fameux \u00ab triangle d\u2019or de Bordeaux \u00bb, le c\u0153ur historique de la ville, derri\u00e8re la fa\u00e7ade d\u2019un petit h\u00f4tel particulier du XVIIe si\u00e8cle.","breadcrumb":{"@id":"https:\/\/www.badie.com\/en\/#breadcrumb"},"inLanguage":"en-US","potentialAction":[{"@type":"ReadAction","target":["https:\/\/www.badie.com\/en\/"]}]},{"@type":"BreadcrumbList","@id":"https:\/\/www.badie.com\/en\/#breadcrumb","itemListElement":[{"@type":"ListItem","position":1,"name":"Accueil","item":"https:\/\/www.badie.com\/en\/"},{"@type":"ListItem","position":2,"name":"Boutiques"}]},{"@type":"WebSite","@id":"https:\/\/www.badie.com\/#website","url":"https:\/\/www.badie.com\/","name":"Badie, Maison fond\u00e9e en 1880","description":"Le meilleur des vins fran\u00e7ais et internationaux, des champagnes de grandes maisons...","publisher":{"@id":"https:\/\/www.badie.com\/#organization"},"potentialAction":[{"@type":"SearchAction","target":{"@type":"EntryPoint","urlTemplate":"https:\/\/www.badie.com\/?s={search_term_string}"},"query-input":{"@type":"PropertyValueSpecification","valueRequired":true,"valueName":"search_term_string"}}],"inLanguage":"en-US"},{"@type":"Organization","@id":"https:\/\/www.badie.com\/#organization","name":"Badie, Maison fond\u00e9e en 1880","url":"https:\/\/www.badie.com\/","logo":{"@type":"ImageObject","inLanguage":"en-US","@id":"https:\/\/www.badie.com\/#\/schema\/logo\/image\/","url":"https:\/\/www.badie.com\/wp-content\/uploads\/2023\/11\/badie_old.svg","contentUrl":"https:\/\/www.badie.com\/wp-content\/uploads\/2023\/11\/badie_old.svg","width":154,"height":58,"caption":"Badie, Maison fond\u00e9e en 1880"},"image":{"@id":"https:\/\/www.badie.com\/#\/schema\/logo\/image\/"}}]}},"_links":{"self":[{"href":"https:\/\/www.badie.com\/en\/wp-json\/wp\/v2\/pages\/13353","targetHints":{"allow":["GET"]}}],"collection":[{"href":"https:\/\/www.badie.com\/en\/wp-json\/wp\/v2\/pages"}],"about":[{"href":"https:\/\/www.badie.com\/en\/wp-json\/wp\/v2\/types\/page"}],"author":[{"embeddable":true,"href":"https:\/\/www.badie.com\/en\/wp-json\/wp\/v2\/users\/1"}],"replies":[{"embeddable":true,"href":"https:\/\/www.badie.com\/en\/wp-json\/wp\/v2\/comments?post=13353"}],"version-history":[{"count":10,"href":"https:\/\/www.badie.com\/en\/wp-json\/wp\/v2\/pages\/13353\/revisions"}],"predecessor-version":[{"id":14068,"href":"https:\/\/www.badie.com\/en\/wp-json\/wp\/v2\/pages\/13353\/revisions\/14068"}],"wp:attachment":[{"href":"https:\/\/www.badie.com\/en\/wp-json\/wp\/v2\/media?parent=13353"}],"curies":[{"name":"wp","href":"https:\/\/api.w.org\/{rel}","templated":true}]}}